{"id":23749,"date":"2025-03-01T18:42:25","date_gmt":"2025-03-01T17:42:25","guid":{"rendered":"https:\/\/www.lanchasibiza.com\/guide-des-plages-et-des-restaurants\/"},"modified":"2026-04-08T09:21:39","modified_gmt":"2026-04-08T07:21:39","slug":"guide-route","status":"publish","type":"page","link":"https:\/\/www.lanchasibiza.com\/fr\/guide-route\/","title":{"rendered":"Guide des plages et restaurants \u00e0 Ibiza et Formentera"},"content":{"rendered":"\t\t<div data-elementor-type=\"wp-page\" data-elementor-id=\"23749\" class=\"elementor elementor-23749 elementor-20865\" data-elementor-post-type=\"page\">\n\t\t\t\t<div class=\"elementor-element elementor-element-7dce90c0 e-con-full e-flex e-con e-parent\" data-id=\"7dce90c0\" data-element_type=\"container\" data-e-type=\"container\">\n\t\t<div class=\"elementor-element elementor-element-5b88f9c6 e-flex e-con-boxed e-con e-child\" data-id=\"5b88f9c6\" data-element_type=\"container\" data-e-type=\"container\">\n\t\t\t\t\t<div class=\"e-con-inner\">\n\t\t\t\t<div class=\"elementor-element elementor-element-0b1d49e elementor-widget elementor-widget-heading\" data-id=\"0b1d49e\" data-element_type=\"widget\" data-e-type=\"widget\" data-widget_type=\"heading.default\">\n\t\t\t\t\t<h1 class=\"elementor-heading-title elementor-size-default\">Guide des plages et restaurants \u00e0 Ibiza et Formentera<\/h1>\t\t\t\t<\/div>\n\t\t\t\t<div class=\"elementor-element elementor-element-5931129f elementor-widget elementor-widget-spacer\" data-id=\"5931129f\" data-element_type=\"widget\" data-e-type=\"widget\" data-widget_type=\"spacer.default\">\n\t\t\t\t\t\t\t<div class=\"elementor-spacer\">\n\t\t\t<div class=\"elementor-spacer-inner\"><\/div>\n\t\t<\/div>\n\t\t\t\t\t\t<\/div>\n\t\t\t\t<div class=\"elementor-element elementor-element-b70c1f5 elementor-widget elementor-widget-text-editor\" data-id=\"b70c1f5\" data-element_type=\"widget\" data-e-type=\"widget\" data-widget_type=\"text-editor.default\">\n\t\t\t\t\t\t\t\t\t<p>Passez des vacances de luxe en louant un yacht \u00e0 Ibiza, l&#8217;option id\u00e9ale pour les clients exigeants qui recherchent l&#8217;exclusivit\u00e9 et le confort. Tous nos yachts \u00e0 louer comprennent un skipper professionnel pour garantir une exp\u00e9rience VIP lors de l&#8217;exploration de la c\u00f4te d&#8217;Ibiza et de Formentera.<\/p><p>La location d&#8217;un yacht \u00e0 Ibiza vous permet de d\u00e9couvrir des criques uniques, des paysages paradisiaques et de profiter de la M\u00e9diterran\u00e9e comme jamais auparavant.<\/p>\t\t\t\t\t\t\t\t<\/div>\n\t\t\t\t\t<\/div>\n\t\t\t\t<\/div>\n\t\t\t\t<\/div>\n\t\t<div class=\"elementor-element elementor-element-3409a3a8 e-flex e-con-boxed e-con e-parent\" data-id=\"3409a3a8\" data-element_type=\"container\" data-e-type=\"container\">\n\t\t\t\t\t<div class=\"e-con-inner\">\n\t\t<div class=\"elementor-element elementor-element-b8dafee e-con-full e-flex e-con e-child\" data-id=\"b8dafee\" data-element_type=\"container\" data-e-type=\"container\" data-settings=\"{&quot;background_background&quot;:&quot;classic&quot;}\">\n\t\t<div class=\"elementor-element elementor-element-6a00a66d e-con-full e-flex e-con e-child\" data-id=\"6a00a66d\" data-element_type=\"container\" data-e-type=\"container\">\n\t\t\t\t<div class=\"elementor-element elementor-element-cd60a79 elementor-widget elementor-widget-image\" data-id=\"cd60a79\" data-element_type=\"widget\" data-e-type=\"widget\" data-widget_type=\"image.default\">\n\t\t\t\t\t\t\t\t\t\t\t\t\t\t\t\t<a href=\"\/guia-rutas\/ibiza\/\">\n\t\t\t\t\t\t\t<img fetchpriority=\"high\" decoding=\"async\" width=\"800\" height=\"800\" src=\"https:\/\/www.lanchasibiza.com\/wp-content\/uploads\/2025\/03\/guia-ibiza.webp\" class=\"attachment-full size-full wp-image-21982\" alt=\"Guide d&#039;Ibiza\" srcset=\"https:\/\/www.lanchasibiza.com\/wp-content\/uploads\/2025\/03\/guia-ibiza.webp 800w, https:\/\/www.lanchasibiza.com\/wp-content\/uploads\/2025\/03\/guia-ibiza-300x300.webp 300w, https:\/\/www.lanchasibiza.com\/wp-content\/uploads\/2025\/03\/guia-ibiza-150x150.webp 150w, https:\/\/www.lanchasibiza.com\/wp-content\/uploads\/2025\/03\/guia-ibiza-768x768.webp 768w\" sizes=\"(max-width: 800px) 100vw, 800px\" title=\"\">\t\t\t\t\t\t\t\t<\/a>\n\t\t\t\t\t\t\t\t\t\t\t\t\t\t\t<\/div>\n\t\t\t\t<\/div>\n\t\t<div class=\"elementor-element elementor-element-20122349 e-con-full e-flex e-con e-child\" data-id=\"20122349\" data-element_type=\"container\" data-e-type=\"container\">\n\t\t\t\t<div class=\"elementor-element elementor-element-70e8b1bc elementor-widget__width-inherit elementor-widget elementor-widget-heading\" data-id=\"70e8b1bc\" data-element_type=\"widget\" data-e-type=\"widget\" data-widget_type=\"heading.default\">\n\t\t\t\t\t<h2 class=\"elementor-heading-title elementor-size-default\"><a href=\"https:\/\/www.lanchasibiza.com\/fr\/guide-route\/ibiza\/\">Guide Ibiza : Plages et restaurants<\/a><\/h2>\t\t\t\t<\/div>\n\t\t\t\t<div class=\"elementor-element elementor-element-6b486363 elementor-widget__width-inherit elementor-widget elementor-widget-heading\" data-id=\"6b486363\" data-element_type=\"widget\" data-e-type=\"widget\" data-widget_type=\"heading.default\">\n\t\t\t\t\t<p class=\"elementor-heading-title elementor-size-default\">Les meilleurs endroits pour profiter de votre location de bateau \u00e0 Ibiza\n<\/p>\t\t\t\t<\/div>\n\t\t\t\t<div class=\"elementor-element elementor-element-4ccdbbb7 elementor-widget elementor-widget-text-editor\" data-id=\"4ccdbbb7\" data-element_type=\"widget\" data-e-type=\"widget\" data-widget_type=\"text-editor.default\">\n\t\t\t\t\t\t\t\t\t<p>L&#8217;\u00eele d&#8217;Ibiza, connue sous le nom d&#8217;\u00eele blanche, offre aux visiteurs une exp\u00e9rience unique. Sa vie nocturne se conjugue avec ses plages et la tranquillit\u00e9 de ses villes et de ses habitants. <\/p><p>Il n&#8217;y a pas de journ\u00e9e de location de bateau parfaite sans un mouillage sur des plages de classe mondiale, un d\u00e9jeuner dans des bars et restaurants de plage magnifiques et \u00e9l\u00e9gants, et peut-\u00eatre une ou deux baignades relaxantes ! Ce guide pr\u00e9sente quelques-unes des plages et des restaurants les plus populaires \u00e0 visiter lors de votre journ\u00e9e de location de bateau \u00e0 Ibiza. <\/p>\t\t\t\t\t\t\t\t<\/div>\n\t\t\t\t<\/div>\n\t\t\t\t<\/div>\n\t\t<div class=\"elementor-element elementor-element-132c4496 e-con-full e-flex e-con e-child\" data-id=\"132c4496\" data-element_type=\"container\" data-e-type=\"container\" data-settings=\"{&quot;background_background&quot;:&quot;classic&quot;}\">\n\t\t<div class=\"elementor-element elementor-element-26f5bbec e-con-full e-flex e-con e-child\" data-id=\"26f5bbec\" data-element_type=\"container\" data-e-type=\"container\">\n\t\t\t\t<div class=\"elementor-element elementor-element-b9e64b4 elementor-widget elementor-widget-image\" data-id=\"b9e64b4\" data-element_type=\"widget\" data-e-type=\"widget\" data-widget_type=\"image.default\">\n\t\t\t\t\t\t\t\t\t\t\t\t\t\t\t\t<a href=\"\/guia-rutas\/formentera\/\">\n\t\t\t\t\t\t\t<img decoding=\"async\" width=\"800\" height=\"800\" src=\"https:\/\/www.lanchasibiza.com\/wp-content\/uploads\/2025\/03\/guia-formentera.webp\" class=\"attachment-full size-full wp-image-21985\" alt=\"Guide de Formentera\" srcset=\"https:\/\/www.lanchasibiza.com\/wp-content\/uploads\/2025\/03\/guia-formentera.webp 800w, https:\/\/www.lanchasibiza.com\/wp-content\/uploads\/2025\/03\/guia-formentera-300x300.webp 300w, https:\/\/www.lanchasibiza.com\/wp-content\/uploads\/2025\/03\/guia-formentera-150x150.webp 150w, https:\/\/www.lanchasibiza.com\/wp-content\/uploads\/2025\/03\/guia-formentera-768x768.webp 768w\" sizes=\"(max-width: 800px) 100vw, 800px\" title=\"\">\t\t\t\t\t\t\t\t<\/a>\n\t\t\t\t\t\t\t\t\t\t\t\t\t\t\t<\/div>\n\t\t\t\t<\/div>\n\t\t<div class=\"elementor-element elementor-element-567a1cb7 e-con-full e-flex e-con e-child\" data-id=\"567a1cb7\" data-element_type=\"container\" data-e-type=\"container\">\n\t\t\t\t<div class=\"elementor-element elementor-element-10d16520 elementor-widget__width-inherit elementor-widget elementor-widget-heading\" data-id=\"10d16520\" data-element_type=\"widget\" data-e-type=\"widget\" data-widget_type=\"heading.default\">\n\t\t\t\t\t<h2 class=\"elementor-heading-title elementor-size-default\"><a href=\"https:\/\/www.lanchasibiza.com\/fr\/guide-route\/formentera\/\">Guide Formentera : Plages et restaurants<\/a><\/h2>\t\t\t\t<\/div>\n\t\t\t\t<div class=\"elementor-element elementor-element-7c312c13 elementor-widget__width-inherit elementor-widget elementor-widget-heading\" data-id=\"7c312c13\" data-element_type=\"widget\" data-e-type=\"widget\" data-widget_type=\"heading.default\">\n\t\t\t\t\t<p class=\"elementor-heading-title elementor-size-default\">Les meilleurs endroits pour profiter de votre location de bateau \u00e0 Formentera\n<\/p>\t\t\t\t<\/div>\n\t\t\t\t<div class=\"elementor-element elementor-element-5eb96bb9 elementor-widget elementor-widget-text-editor\" data-id=\"5eb96bb9\" data-element_type=\"widget\" data-e-type=\"widget\" data-widget_type=\"text-editor.default\">\n\t\t\t\t\t\t\t\t\t<p>L&#8217;\u00eele de Formentera est commun\u00e9ment appel\u00e9e le dernier paradis de la M\u00e9diterran\u00e9e, car elle trouve un \u00e9quilibre entre le tourisme et la protection de l&#8217;environnement.<\/p><p>Formentera est l&#8217;une des \u00eeles les plus belles et les plus pr\u00e9serv\u00e9es d&#8217;Europe et du monde. L&#8217;endroit le plus populaire pour les clients de la location est Illetes, le point le plus proche de Formentera et d&#8217;Ibiza. Illetes est certes magnifique, mais la v\u00e9ritable exp\u00e9rience de Formentera consiste \u00e0 louer un bateau \u00e0 Ibiza et \u00e0 visiter d&#8217;autres plages de l&#8217;\u00eele, comme Cala Saona, Es Cal\u00f3 et Es Migjorn, pour n&#8217;en citer que quelques-unes.  <\/p>\t\t\t\t\t\t\t\t<\/div>\n\t\t\t\t<\/div>\n\t\t\t\t<\/div>\n\t\t\t\t\t<\/div>\n\t\t\t\t<\/div>\n\t\t<div class=\"elementor-element elementor-element-571dc714 e-flex e-con-boxed e-con e-parent\" data-id=\"571dc714\" data-element_type=\"container\" data-e-type=\"container\">\n\t\t\t\t\t<div class=\"e-con-inner\">\n\t\t\t\t<div class=\"elementor-element elementor-element-161df5f7 elementor-widget elementor-widget-uipro-uiimage\" data-id=\"161df5f7\" data-element_type=\"widget\" data-e-type=\"widget\" data-widget_type=\"uipro-uiimage.default\">\n\t\t\t\t<div class=\"elementor-widget-container\">\n\t\t\t\t\t<div class=\"templaza-parallax templaza-widget-uiimage template-base\"><div class=\"ui-image\"><div class=\"uk-inline uk-overflow-hidden ui-image-detail\"><img decoding=\"async\" width=\"1500\" height=\"156\" src=\"https:\/\/www.lanchasibiza.com\/wp-content\/uploads\/2025\/03\/feel-the-pleasure-of-sailing-min.png\" class=\"attachment-full size-full\" alt=\"Feel the pleasure of sailing\" srcset=\"https:\/\/www.lanchasibiza.com\/wp-content\/uploads\/2025\/03\/feel-the-pleasure-of-sailing-min.png 1500w, https:\/\/www.lanchasibiza.com\/wp-content\/uploads\/2025\/03\/feel-the-pleasure-of-sailing-min-300x31.png 300w, https:\/\/www.lanchasibiza.com\/wp-content\/uploads\/2025\/03\/feel-the-pleasure-of-sailing-min-1024x106.png 1024w, https:\/\/www.lanchasibiza.com\/wp-content\/uploads\/2025\/03\/feel-the-pleasure-of-sailing-min-768x80.png 768w\" sizes=\"(max-width: 1500px) 100vw, 1500px\" title=\"\"><\/div><\/div><\/div>\t\t\t\t<\/div>\n\t\t\t\t<\/div>\n\t\t\t\t\t<\/div>\n\t\t\t\t<\/div>\n\t\t<div class=\"elementor-element elementor-element-f65c689 e-con-full e-flex e-con e-parent\" data-id=\"f65c689\" data-element_type=\"container\" data-e-type=\"container\">\n\t\t\t\t<div class=\"elementor-element elementor-element-391c410 elementor-widget elementor-widget-shortcode\" data-id=\"391c410\" data-element_type=\"widget\" data-e-type=\"widget\" data-widget_type=\"shortcode.default\">\n\t\t\t\t\t\t\t<div class=\"elementor-shortcode\">\t\t<div data-elementor-type=\"container\" data-elementor-id=\"30356\" class=\"elementor elementor-30356 elementor-30349 elementor-30349\" data-elementor-post-type=\"elementor_library\">\n\t\t\t\t<div class=\"elementor-element elementor-element-6fc36ae2 e-flex e-con-boxed e-con e-parent\" data-id=\"6fc36ae2\" data-element_type=\"container\" data-e-type=\"container\" data-settings=\"{&quot;background_background&quot;:&quot;classic&quot;}\">\n\t\t\t\t\t<div class=\"e-con-inner\">\n\t\t<div class=\"elementor-element elementor-element-31b09206 e-con-full e-flex e-con e-child\" data-id=\"31b09206\" data-element_type=\"container\" data-e-type=\"container\">\n\t\t\t\t<div class=\"elementor-element elementor-element-2a61cd55 elementor-invisible elementor-widget elementor-widget-global elementor-global-30361 elementor-global-30346 elementor-global-30346 elementor-widget-text-editor\" data-id=\"2a61cd55\" data-element_type=\"widget\" data-e-type=\"widget\" data-settings=\"{&quot;_animation&quot;:&quot;fadeIn&quot;}\" data-widget_type=\"text-editor.default\">\n\t\t\t\t\t\t\t\t\t<p>Demander des informations sans obligation<\/p>\t\t\t\t\t\t\t\t<\/div>\n\t\t\t\t<div class=\"elementor-element elementor-element-21608442 elementor-invisible elementor-widget elementor-widget-global elementor-global-30314 elementor-global-30286 elementor-global-30286 elementor-widget-heading\" data-id=\"21608442\" data-element_type=\"widget\" data-e-type=\"widget\" data-settings=\"{&quot;_animation&quot;:&quot;fadeInDown&quot;}\" data-widget_type=\"heading.default\">\n\t\t\t\t\t<h2 class=\"elementor-heading-title elementor-size-default\">Contact<\/h2>\t\t\t\t<\/div>\n\t\t\t\t<div class=\"elementor-element elementor-element-6bbfc819 elementor-widget elementor-widget-spacer\" data-id=\"6bbfc819\" data-element_type=\"widget\" data-e-type=\"widget\" data-widget_type=\"spacer.default\">\n\t\t\t\t\t\t\t<div class=\"elementor-spacer\">\n\t\t\t<div class=\"elementor-spacer-inner\"><\/div>\n\t\t<\/div>\n\t\t\t\t\t\t<\/div>\n\t\t\t\t<div class=\"elementor-element elementor-element-55593cbf elementor-widget elementor-widget-global elementor-global-30318 elementor-global-30289 elementor-global-30289 elementor-widget-wpforms\" data-id=\"55593cbf\" data-element_type=\"widget\" data-e-type=\"widget\" data-settings=\"{&quot;_animation&quot;:&quot;none&quot;}\" data-widget_type=\"wpforms.default\">\n\t\t\t\t<div class=\"elementor-widget-container\">\n\t\t\t\t\t<div class=\"wpforms-container wpforms-container-full wpforms-render-modern\" id=\"wpforms-20428\"><form id=\"wpforms-form-20428\" class=\"wpforms-validate wpforms-form wpforms-ajax-form\" data-formid=\"20428\" method=\"post\" enctype=\"multipart\/form-data\" action=\"\/fr\/wp-json\/wp\/v2\/pages\/23749\" data-token=\"e1930292f924424ed9e7644d86e034ab\" data-token-time=\"1776615347\"><noscript class=\"wpforms-error-noscript\">Veuillez activer JavaScript dans votre navigateur pour remplir ce formulaire.<\/noscript><div id=\"wpforms-error-noscript\" style=\"display: none;\">Veuillez activer JavaScript dans votre navigateur pour remplir ce formulaire.<\/div><div class=\"wpforms-field-container\"><div id=\"wpforms-20428-field_12-container\" class=\"wpforms-field wpforms-field-layout\" data-field-id=\"12\"><div class=\"wpforms-field-layout-rows wpforms-field-large\"><div class=\"wpforms-layout-row\"><div class=\"wpforms-layout-column wpforms-layout-column-50\"><div id=\"wpforms-20428-field_1-container\" class=\"wpforms-field wpforms-field-name\" data-field-id=\"1\"><label class=\"wpforms-field-label wpforms-label-hide\" for=\"wpforms-20428-field_1\" aria-hidden=\"false\">Nom <span class=\"wpforms-required-label\" aria-hidden=\"true\">*<\/span><\/label><input type=\"text\" id=\"wpforms-20428-field_1\" class=\"wpforms-field-large wpforms-field-required\" name=\"wpforms[fields][1]\" placeholder=\"Votre nom\" aria-errormessage=\"wpforms-20428-field_1-error\" required><\/div><\/div><div class=\"wpforms-layout-column wpforms-layout-column-50\"><div id=\"wpforms-20428-field_8-container\" class=\"wpforms-field wpforms-field-text\" data-field-id=\"8\"><label class=\"wpforms-field-label wpforms-label-hide\" for=\"wpforms-20428-field_8\" aria-hidden=\"false\">Nom de famille <span class=\"wpforms-required-label\" aria-hidden=\"true\">*<\/span><\/label><input type=\"text\" id=\"wpforms-20428-field_8\" class=\"wpforms-field-large wpforms-field-required\" name=\"wpforms[fields][8]\" placeholder=\"Votre nom de famille\" aria-errormessage=\"wpforms-20428-field_8-error\" required><\/div><\/div><\/div><div class=\"wpforms-layout-row\"><div class=\"wpforms-layout-column wpforms-layout-column-50\"><div id=\"wpforms-20428-field_4-container\" class=\"wpforms-field wpforms-field-email\" data-field-id=\"4\"><label class=\"wpforms-field-label wpforms-label-hide\" for=\"wpforms-20428-field_4\" aria-hidden=\"false\">Courriel <span class=\"wpforms-required-label\" aria-hidden=\"true\">*<\/span><\/label><input type=\"email\" id=\"wpforms-20428-field_4\" class=\"wpforms-field-large wpforms-field-required\" name=\"wpforms[fields][4]\" placeholder=\"Courriel\" spellcheck=\"false\" aria-errormessage=\"wpforms-20428-field_4-error\" required><\/div><\/div><div class=\"wpforms-layout-column wpforms-layout-column-50\"><div id=\"wpforms-20428-field_11-container\" class=\"wpforms-field wpforms-field-phone\" data-field-id=\"11\"><label class=\"wpforms-field-label wpforms-label-hide\" for=\"wpforms-20428-field_11\" aria-hidden=\"false\">T\u00e9l\u00e9phone <span class=\"wpforms-required-label\" aria-hidden=\"true\">*<\/span><\/label><input type=\"tel\" id=\"wpforms-20428-field_11\" class=\"wpforms-field-large wpforms-field-required wpforms-smart-phone-field\" data-rule-smart-phone-field=\"true\" name=\"wpforms[fields][11]\" placeholder=\"T\u00e9l\u00e9phone\" aria-label=\"T\u00e9l\u00e9phone\" aria-errormessage=\"wpforms-20428-field_11-error\" required><\/div><\/div><\/div><\/div><\/div>\t\t<div id=\"wpforms-20428-field_2-container\"\n\t\t\tclass=\"wpforms-field wpforms-field-text\"\n\t\t\tdata-field-type=\"text\"\n\t\t\tdata-field-id=\"2\"\n\t\t\t>\n\t\t\t<label class=\"wpforms-field-label\" for=\"wpforms-20428-field_2\" >confidentialit\u00e9 de T\u00e9l\u00e9phone<\/label>\n\t\t\t<input type=\"text\" id=\"wpforms-20428-field_2\" class=\"wpforms-field-medium\" name=\"wpforms[fields][2]\" >\n\t\t<\/div>\n\t\t<div id=\"wpforms-20428-field_5-container\" class=\"wpforms-field wpforms-field-textarea\" data-field-id=\"5\"><label class=\"wpforms-field-label wpforms-label-hide\" for=\"wpforms-20428-field_5\" aria-hidden=\"false\">Message<\/label><textarea id=\"wpforms-20428-field_5\" class=\"wpforms-field-medium\" name=\"wpforms[fields][5]\" placeholder=\"Message\" aria-errormessage=\"wpforms-20428-field_5-error\" ><\/textarea><\/div><div id=\"wpforms-20428-field_13-container\" class=\"wpforms-field wpforms-field-gdpr-checkbox\" data-field-id=\"13\"><label class=\"wpforms-field-label\">Politique de confidentialit\u00e9 GDPR <span class=\"wpforms-required-label\" aria-hidden=\"true\">*<\/span><\/label><ul id=\"wpforms-20428-field_13\" class=\"wpforms-field-required\"><li class=\"choice-1\"><input type=\"checkbox\" id=\"wpforms-20428-field_13_1\" name=\"wpforms[fields][13][]\" value=\"Je consens \u00e0 ce que ce site web stocke les informations que j&#039;ai soumises afin de pouvoir r\u00e9pondre \u00e0 ma demande.\" aria-errormessage=\"wpforms-20428-field_13_1-error\" required ><label class=\"wpforms-field-label-inline\" for=\"wpforms-20428-field_13_1\">Je consens \u00e0 ce que ce site web stocke les informations que j'ai soumises afin de pouvoir r\u00e9pondre \u00e0 ma demande.<\/label><\/li><\/ul><\/div><script>\n\t\t\t\t( function() {\n\t\t\t\t\tconst style = document.createElement( 'style' );\n\t\t\t\t\tstyle.appendChild( document.createTextNode( '#wpforms-20428-field_2-container { position: absolute !important; overflow: hidden !important; display: inline !important; height: 1px !important; width: 1px !important; z-index: -1000 !important; padding: 0 !important; } #wpforms-20428-field_2-container input { visibility: hidden; } #wpforms-conversational-form-page #wpforms-20428-field_2-container label { counter-increment: none; }' ) );\n\t\t\t\t\tdocument.head.appendChild( style );\n\t\t\t\t\tdocument.currentScript?.remove();\n\t\t\t\t} )();\n\t\t\t<\/script><\/div><!-- .wpforms-field-container --><div class=\"wpforms-recaptcha-container wpforms-is-recaptcha wpforms-is-recaptcha-type-v3\" ><input type=\"hidden\" name=\"wpforms[recaptcha]\" value=\"\"><\/div><div class=\"wpforms-submit-container\" ><input type=\"hidden\" name=\"wpforms[id]\" value=\"20428\"><input type=\"hidden\" name=\"page_title\" value=\"\"><input type=\"hidden\" name=\"page_url\" value=\"https:\/\/www.lanchasibiza.com\/fr\/wp-json\/wp\/v2\/pages\/23749\"><input type=\"hidden\" name=\"url_referer\" value=\"\"><button type=\"submit\" name=\"wpforms[submit]\" id=\"wpforms-submit-20428\" class=\"wpforms-submit\" data-alt-text=\"Envoi...\" data-submit-text=\"Envoyer\" aria-live=\"assertive\" value=\"wpforms-submit\">Envoyer<\/button><img loading=\"lazy\" decoding=\"async\" src=\"https:\/\/www.lanchasibiza.com\/wp-content\/plugins\/wpforms\/assets\/images\/submit-spin.svg\" class=\"wpforms-submit-spinner\" style=\"display: none;\" width=\"26\" height=\"26\" alt=\"Chargement en cours\" title=\"\"><\/div><\/form><\/div>  <!-- .wpforms-container -->\t\t\t\t<\/div>\n\t\t\t\t<\/div>\n\t\t\t\t<\/div>\n\t\t\t\t\t<\/div>\n\t\t\t\t<\/div>\n\t\t\t\t<\/div>\n\t\t<\/div>\n\t\t\t\t\t\t<\/div>\n\t\t\t\t<\/div>\n\t\t\t\t<\/div>\n\t\t","protected":false},"excerpt":{"rendered":"<p>Guide des plages et restaurants \u00e0 Ibiza et Formentera Passez des vacances de luxe en louant un yacht \u00e0 Ibiza, l&#8217;option id\u00e9ale pour les clients exigeants qui recherchent l&#8217;exclusivit\u00e9 et le confort. Tous nos yachts \u00e0 louer comprennent un skipper professionnel pour garantir une exp\u00e9rience VIP lors de l&#8217;exploration de la c\u00f4te d&#8217;Ibiza et de&hellip; <a class=\"more-link\" href=\"https:\/\/www.lanchasibiza.com\/fr\/guide-route\/\">Lire la suite de <span class=\"screen-reader-text\">Guide des plages et restaurants \u00e0 Ibiza et Formentera<\/span><\/a><\/p>\n","protected":false},"author":1,"featured_media":21931,"parent":0,"menu_order":0,"comment_status":"closed","ping_status":"closed","template":"","meta":{"_joinchat":[],"footnotes":""},"class_list":["post-23749","page","type-page","status-publish","has-post-thumbnail","hentry"],"_links":{"self":[{"href":"https:\/\/www.lanchasibiza.com\/fr\/wp-json\/wp\/v2\/pages\/23749","targetHints":{"allow":["GET"]}}],"collection":[{"href":"https:\/\/www.lanchasibiza.com\/fr\/wp-json\/wp\/v2\/pages"}],"about":[{"href":"https:\/\/www.lanchasibiza.com\/fr\/wp-json\/wp\/v2\/types\/page"}],"author":[{"embeddable":true,"href":"https:\/\/www.lanchasibiza.com\/fr\/wp-json\/wp\/v2\/users\/1"}],"replies":[{"embeddable":true,"href":"https:\/\/www.lanchasibiza.com\/fr\/wp-json\/wp\/v2\/comments?post=23749"}],"version-history":[{"count":2,"href":"https:\/\/www.lanchasibiza.com\/fr\/wp-json\/wp\/v2\/pages\/23749\/revisions"}],"predecessor-version":[{"id":32529,"href":"https:\/\/www.lanchasibiza.com\/fr\/wp-json\/wp\/v2\/pages\/23749\/revisions\/32529"}],"wp:featuredmedia":[{"embeddable":true,"href":"https:\/\/www.lanchasibiza.com\/fr\/wp-json\/wp\/v2\/media\/21931"}],"wp:attachment":[{"href":"https:\/\/www.lanchasibiza.com\/fr\/wp-json\/wp\/v2\/media?parent=23749"}],"curies":[{"name":"wp","href":"https:\/\/api.w.org\/{rel}","templated":true}]}}