{"id":23679,"date":"2025-03-01T18:58:04","date_gmt":"2025-03-01T17:58:04","guid":{"rendered":"https:\/\/www.lanchasibiza.com\/commentaires\/"},"modified":"2026-04-08T11:29:41","modified_gmt":"2026-04-08T09:29:41","slug":"avis","status":"publish","type":"page","link":"https:\/\/www.lanchasibiza.com\/fr\/avis\/","title":{"rendered":"Avis"},"content":{"rendered":"\t\t<div data-elementor-type=\"wp-page\" data-elementor-id=\"23679\" class=\"elementor elementor-23679 elementor-20917\" data-elementor-post-type=\"page\">\n\t\t\t\t<div class=\"elementor-element elementor-element-8e7c4cd e-flex e-con-boxed e-con e-parent\" data-id=\"8e7c4cd\" data-element_type=\"container\" data-e-type=\"container\">\n\t\t\t\t\t<div class=\"e-con-inner\">\n\t\t\t\t<div class=\"elementor-element elementor-element-125a42d5 elementor-widget elementor-widget-shortcode\" data-id=\"125a42d5\" data-element_type=\"widget\" data-e-type=\"widget\" data-widget_type=\"shortcode.default\">\n\t\t\t\t\t\t\t<div class=\"elementor-shortcode\"><div data-src=\"https:\/\/cdn.trustindex.io\/loader.js?1b114cf3954d1689879626bac97\"><\/div><\/div>\n\t\t\t\t\t\t<\/div>\n\t\t\t\t\t<\/div>\n\t\t\t\t<\/div>\n\t\t<div class=\"elementor-element elementor-element-00dc16e e-con-full e-flex e-con e-parent\" data-id=\"00dc16e\" data-element_type=\"container\" data-e-type=\"container\">\n\t\t\t\t<div class=\"elementor-element elementor-element-25c2d4f elementor-widget elementor-widget-shortcode\" data-id=\"25c2d4f\" data-element_type=\"widget\" data-e-type=\"widget\" data-widget_type=\"shortcode.default\">\n\t\t\t\t\t\t\t<div class=\"elementor-shortcode\">\t\t<div data-elementor-type=\"container\" data-elementor-id=\"30356\" class=\"elementor elementor-30356 elementor-30349 elementor-30349\" data-elementor-post-type=\"elementor_library\">\n\t\t\t\t<div class=\"elementor-element elementor-element-6fc36ae2 e-flex e-con-boxed e-con e-parent\" data-id=\"6fc36ae2\" data-element_type=\"container\" data-e-type=\"container\" data-settings=\"{&quot;background_background&quot;:&quot;classic&quot;}\">\n\t\t\t\t\t<div class=\"e-con-inner\">\n\t\t<div class=\"elementor-element elementor-element-31b09206 e-con-full e-flex e-con e-child\" data-id=\"31b09206\" data-element_type=\"container\" data-e-type=\"container\">\n\t\t\t\t<div class=\"elementor-element elementor-element-2a61cd55 elementor-invisible elementor-widget elementor-widget-global elementor-global-30361 elementor-global-30346 elementor-global-30346 elementor-widget-text-editor\" data-id=\"2a61cd55\" data-element_type=\"widget\" data-e-type=\"widget\" data-settings=\"{&quot;_animation&quot;:&quot;fadeIn&quot;}\" data-widget_type=\"text-editor.default\">\n\t\t\t\t\t\t\t\t\t<p>Demander des informations sans obligation<\/p>\t\t\t\t\t\t\t\t<\/div>\n\t\t\t\t<div class=\"elementor-element elementor-element-21608442 elementor-invisible elementor-widget elementor-widget-global elementor-global-30314 elementor-global-30286 elementor-global-30286 elementor-widget-heading\" data-id=\"21608442\" data-element_type=\"widget\" data-e-type=\"widget\" data-settings=\"{&quot;_animation&quot;:&quot;fadeInDown&quot;}\" data-widget_type=\"heading.default\">\n\t\t\t\t\t<h2 class=\"elementor-heading-title elementor-size-default\">Contact<\/h2>\t\t\t\t<\/div>\n\t\t\t\t<div class=\"elementor-element elementor-element-6bbfc819 elementor-widget elementor-widget-spacer\" data-id=\"6bbfc819\" data-element_type=\"widget\" data-e-type=\"widget\" data-widget_type=\"spacer.default\">\n\t\t\t\t\t\t\t<div class=\"elementor-spacer\">\n\t\t\t<div class=\"elementor-spacer-inner\"><\/div>\n\t\t<\/div>\n\t\t\t\t\t\t<\/div>\n\t\t\t\t<div class=\"elementor-element elementor-element-55593cbf elementor-widget elementor-widget-global elementor-global-30318 elementor-global-30289 elementor-global-30289 elementor-widget-wpforms\" data-id=\"55593cbf\" data-element_type=\"widget\" data-e-type=\"widget\" data-settings=\"{&quot;_animation&quot;:&quot;none&quot;}\" data-widget_type=\"wpforms.default\">\n\t\t\t\t<div class=\"elementor-widget-container\">\n\t\t\t\t\t<div class=\"wpforms-container wpforms-container-full wpforms-render-modern\" id=\"wpforms-20428\"><form id=\"wpforms-form-20428\" class=\"wpforms-validate wpforms-form wpforms-ajax-form\" data-formid=\"20428\" method=\"post\" enctype=\"multipart\/form-data\" action=\"\/fr\/wp-json\/wp\/v2\/pages\/23679\" data-token=\"e1930292f924424ed9e7644d86e034ab\" data-token-time=\"1776614292\"><noscript class=\"wpforms-error-noscript\">Veuillez activer JavaScript dans votre navigateur pour remplir ce formulaire.<\/noscript><div id=\"wpforms-error-noscript\" style=\"display: none;\">Veuillez activer JavaScript dans votre navigateur pour remplir ce formulaire.<\/div><div class=\"wpforms-field-container\">\t\t<div id=\"wpforms-20428-field_2-container\"\n\t\t\tclass=\"wpforms-field wpforms-field-text\"\n\t\t\tdata-field-type=\"text\"\n\t\t\tdata-field-id=\"2\"\n\t\t\t>\n\t\t\t<label class=\"wpforms-field-label\" for=\"wpforms-20428-field_2\" >Courriel confidentialit\u00e9 Design<\/label>\n\t\t\t<input type=\"text\" id=\"wpforms-20428-field_2\" class=\"wpforms-field-medium\" name=\"wpforms[fields][2]\" >\n\t\t<\/div>\n\t\t<div id=\"wpforms-20428-field_12-container\" class=\"wpforms-field wpforms-field-layout\" data-field-id=\"12\"><div class=\"wpforms-field-layout-rows wpforms-field-large\"><div class=\"wpforms-layout-row\"><div class=\"wpforms-layout-column wpforms-layout-column-50\"><div id=\"wpforms-20428-field_1-container\" class=\"wpforms-field wpforms-field-name\" data-field-id=\"1\"><label class=\"wpforms-field-label wpforms-label-hide\" for=\"wpforms-20428-field_1\" aria-hidden=\"false\">Nom <span class=\"wpforms-required-label\" aria-hidden=\"true\">*<\/span><\/label><input type=\"text\" id=\"wpforms-20428-field_1\" class=\"wpforms-field-large wpforms-field-required\" name=\"wpforms[fields][1]\" placeholder=\"Votre nom\" aria-errormessage=\"wpforms-20428-field_1-error\" required><\/div><\/div><div class=\"wpforms-layout-column wpforms-layout-column-50\"><div id=\"wpforms-20428-field_8-container\" class=\"wpforms-field wpforms-field-text\" data-field-id=\"8\"><label class=\"wpforms-field-label wpforms-label-hide\" for=\"wpforms-20428-field_8\" aria-hidden=\"false\">Nom de famille <span class=\"wpforms-required-label\" aria-hidden=\"true\">*<\/span><\/label><input type=\"text\" id=\"wpforms-20428-field_8\" class=\"wpforms-field-large wpforms-field-required\" name=\"wpforms[fields][8]\" placeholder=\"Votre nom de famille\" aria-errormessage=\"wpforms-20428-field_8-error\" required><\/div><\/div><\/div><div class=\"wpforms-layout-row\"><div class=\"wpforms-layout-column wpforms-layout-column-50\"><div id=\"wpforms-20428-field_4-container\" class=\"wpforms-field wpforms-field-email\" data-field-id=\"4\"><label class=\"wpforms-field-label wpforms-label-hide\" for=\"wpforms-20428-field_4\" aria-hidden=\"false\">Courriel <span class=\"wpforms-required-label\" aria-hidden=\"true\">*<\/span><\/label><input type=\"email\" id=\"wpforms-20428-field_4\" class=\"wpforms-field-large wpforms-field-required\" name=\"wpforms[fields][4]\" placeholder=\"Courriel\" spellcheck=\"false\" aria-errormessage=\"wpforms-20428-field_4-error\" required><\/div><\/div><div class=\"wpforms-layout-column wpforms-layout-column-50\"><div id=\"wpforms-20428-field_11-container\" class=\"wpforms-field wpforms-field-phone\" data-field-id=\"11\"><label class=\"wpforms-field-label wpforms-label-hide\" for=\"wpforms-20428-field_11\" aria-hidden=\"false\">T\u00e9l\u00e9phone <span class=\"wpforms-required-label\" aria-hidden=\"true\">*<\/span><\/label><input type=\"tel\" id=\"wpforms-20428-field_11\" class=\"wpforms-field-large wpforms-field-required wpforms-smart-phone-field\" data-rule-smart-phone-field=\"true\" name=\"wpforms[fields][11]\" placeholder=\"T\u00e9l\u00e9phone\" aria-label=\"T\u00e9l\u00e9phone\" aria-errormessage=\"wpforms-20428-field_11-error\" required><\/div><\/div><\/div><\/div><\/div><div id=\"wpforms-20428-field_5-container\" class=\"wpforms-field wpforms-field-textarea\" data-field-id=\"5\"><label class=\"wpforms-field-label wpforms-label-hide\" for=\"wpforms-20428-field_5\" aria-hidden=\"false\">Message<\/label><textarea id=\"wpforms-20428-field_5\" class=\"wpforms-field-medium\" name=\"wpforms[fields][5]\" placeholder=\"Message\" aria-errormessage=\"wpforms-20428-field_5-error\" ><\/textarea><\/div><div id=\"wpforms-20428-field_13-container\" class=\"wpforms-field wpforms-field-gdpr-checkbox\" data-field-id=\"13\"><label class=\"wpforms-field-label\">Politique de confidentialit\u00e9 GDPR <span class=\"wpforms-required-label\" aria-hidden=\"true\">*<\/span><\/label><ul id=\"wpforms-20428-field_13\" class=\"wpforms-field-required\"><li class=\"choice-1\"><input type=\"checkbox\" id=\"wpforms-20428-field_13_1\" name=\"wpforms[fields][13][]\" value=\"Je consens \u00e0 ce que ce site web stocke les informations que j&#039;ai soumises afin de pouvoir r\u00e9pondre \u00e0 ma demande.\" aria-errormessage=\"wpforms-20428-field_13_1-error\" required ><label class=\"wpforms-field-label-inline\" for=\"wpforms-20428-field_13_1\">Je consens \u00e0 ce que ce site web stocke les informations que j'ai soumises afin de pouvoir r\u00e9pondre \u00e0 ma demande.<\/label><\/li><\/ul><\/div><script>\n\t\t\t\t( function() {\n\t\t\t\t\tconst style = document.createElement( 'style' );\n\t\t\t\t\tstyle.appendChild( document.createTextNode( '#wpforms-20428-field_2-container { position: absolute !important; overflow: hidden !important; display: inline !important; height: 1px !important; width: 1px !important; z-index: -1000 !important; padding: 0 !important; } #wpforms-20428-field_2-container input { visibility: hidden; } #wpforms-conversational-form-page #wpforms-20428-field_2-container label { counter-increment: none; }' ) );\n\t\t\t\t\tdocument.head.appendChild( style );\n\t\t\t\t\tdocument.currentScript?.remove();\n\t\t\t\t} )();\n\t\t\t<\/script><\/div><!-- .wpforms-field-container --><div class=\"wpforms-recaptcha-container wpforms-is-recaptcha wpforms-is-recaptcha-type-v3\" ><input type=\"hidden\" name=\"wpforms[recaptcha]\" value=\"\"><\/div><div class=\"wpforms-submit-container\" ><input type=\"hidden\" name=\"wpforms[id]\" value=\"20428\"><input type=\"hidden\" name=\"page_title\" value=\"\"><input type=\"hidden\" name=\"page_url\" value=\"https:\/\/www.lanchasibiza.com\/fr\/wp-json\/wp\/v2\/pages\/23679\"><input type=\"hidden\" name=\"url_referer\" value=\"\"><button type=\"submit\" name=\"wpforms[submit]\" id=\"wpforms-submit-20428\" class=\"wpforms-submit\" data-alt-text=\"Envoi...\" data-submit-text=\"Envoyer\" aria-live=\"assertive\" value=\"wpforms-submit\">Envoyer<\/button><img decoding=\"async\" src=\"https:\/\/www.lanchasibiza.com\/wp-content\/plugins\/wpforms\/assets\/images\/submit-spin.svg\" class=\"wpforms-submit-spinner\" style=\"display: none;\" width=\"26\" height=\"26\" alt=\"Chargement en cours\" title=\"\"><\/div><\/form><\/div>  <!-- .wpforms-container -->\t\t\t\t<\/div>\n\t\t\t\t<\/div>\n\t\t\t\t<\/div>\n\t\t\t\t\t<\/div>\n\t\t\t\t<\/div>\n\t\t\t\t<\/div>\n\t\t<\/div>\n\t\t\t\t\t\t<\/div>\n\t\t\t\t<\/div>\n\t\t\t\t<\/div>\n\t\t","protected":false},"excerpt":{"rendered":"","protected":false},"author":1,"featured_media":21931,"parent":0,"menu_order":0,"comment_status":"closed","ping_status":"closed","template":"","meta":{"_joinchat":[],"footnotes":""},"class_list":["post-23679","page","type-page","status-publish","has-post-thumbnail","hentry"],"_links":{"self":[{"href":"https:\/\/www.lanchasibiza.com\/fr\/wp-json\/wp\/v2\/pages\/23679","targetHints":{"allow":["GET"]}}],"collection":[{"href":"https:\/\/www.lanchasibiza.com\/fr\/wp-json\/wp\/v2\/pages"}],"about":[{"href":"https:\/\/www.lanchasibiza.com\/fr\/wp-json\/wp\/v2\/types\/page"}],"author":[{"embeddable":true,"href":"https:\/\/www.lanchasibiza.com\/fr\/wp-json\/wp\/v2\/users\/1"}],"replies":[{"embeddable":true,"href":"https:\/\/www.lanchasibiza.com\/fr\/wp-json\/wp\/v2\/comments?post=23679"}],"version-history":[{"count":1,"href":"https:\/\/www.lanchasibiza.com\/fr\/wp-json\/wp\/v2\/pages\/23679\/revisions"}],"predecessor-version":[{"id":32683,"href":"https:\/\/www.lanchasibiza.com\/fr\/wp-json\/wp\/v2\/pages\/23679\/revisions\/32683"}],"wp:featuredmedia":[{"embeddable":true,"href":"https:\/\/www.lanchasibiza.com\/fr\/wp-json\/wp\/v2\/media\/21931"}],"wp:attachment":[{"href":"https:\/\/www.lanchasibiza.com\/fr\/wp-json\/wp\/v2\/media?parent=23679"}],"curies":[{"name":"wp","href":"https:\/\/api.w.org\/{rel}","templated":true}]}}