{"id":23417,"date":"2025-03-02T18:35:54","date_gmt":"2025-03-02T17:35:54","guid":{"rendered":"https:\/\/www.lanchasibiza.com\/marques\/jeanneau\/"},"modified":"2026-04-08T10:10:12","modified_gmt":"2026-04-08T08:10:12","slug":"jeanneau","status":"publish","type":"page","link":"https:\/\/www.lanchasibiza.com\/fr\/marques\/jeanneau\/","title":{"rendered":"Jeanneau"},"content":{"rendered":"\t\t<div data-elementor-type=\"wp-page\" data-elementor-id=\"23417\" class=\"elementor elementor-23417 elementor-21099\" data-elementor-post-type=\"page\">\n\t\t\t\t<div class=\"elementor-element elementor-element-49577c1e e-flex e-con-boxed e-con e-parent\" data-id=\"49577c1e\" data-element_type=\"container\" data-e-type=\"container\">\n\t\t\t\t\t<div class=\"e-con-inner\">\n\t\t\t\t<div class=\"elementor-element elementor-element-3b6e33fa elementor-widget elementor-widget-spacer\" data-id=\"3b6e33fa\" data-element_type=\"widget\" data-e-type=\"widget\" data-widget_type=\"spacer.default\">\n\t\t\t\t\t\t\t<div class=\"elementor-spacer\">\n\t\t\t<div class=\"elementor-spacer-inner\"><\/div>\n\t\t<\/div>\n\t\t\t\t\t\t<\/div>\n\t\t\t\t<div class=\"elementor-element elementor-element-d2d0b85 elementor-widget elementor-widget-uipro-uiadvancedproducts\" data-id=\"d2d0b85\" data-element_type=\"widget\" data-e-type=\"widget\" data-widget_type=\"uipro-uiadvancedproducts.default\">\n\t\t\t\t<div class=\"elementor-widget-container\">\n\t\t\t\t\t<div class=\"templaza-parallax templaza-widget-uiadvancedproducts template-archive\">    <div data-scroll class=\"ui-advanced-products   ui-\">\n        <div data-grid-second class=\"ui-post-items templaza-ap-archive ap-product-container uk-position-relative templaza_69e0fdd54d09b uk-child-width-1-4@xl\n    uk-child-width-1-4@l\n    uk-child-width-1-3@m\n    uk-child-width-1-2@s\n    uk-child-width-1-1\" data-uk-grid=\"\" >\n            <div class=\"ap-item ap-item-style5 templazaFadeInUp\">\n        <div class=\"ap-inner\">\n            <div class=\"uk-inline uk-position-relative uk-width-1-1\">\n                                <div class=\"uk-card-media-top uk-position-relative uk-width-1-1 uk-transition-toggle \">\n    <a class=\"tz-img uk-display-block\" href=\"https:\/\/www.lanchasibiza.com\/fr\/bateaux-sans-skipper\/cap-camarat-6-5-cc-tia-lola\/\">\n        <img fetchpriority=\"high\" decoding=\"async\" width=\"750\" height=\"540\" src=\"https:\/\/www.lanchasibiza.com\/wp-content\/uploads\/2025\/05\/boat-rental-ibiza-jeanneau-cap-camarat-6-5-tia-lola-01-750x540.webp\" class=\"attachment-amanus-750-540 size-amanus-750-540 wp-post-image\" alt=\"Bateau Cap Camarat 6.5 CC - Tia Lola\" title=\"\">            <\/a>\n    <\/div>            <\/div>\n            <div class=\"ap-info\">\n                <div class=\"ap-info-inner ap-info-top\">\n                    <h2 class=\"ap-title\">\n                        <a href=\"https:\/\/www.lanchasibiza.com\/fr\/bateaux-sans-skipper\/cap-camarat-6-5-cc-tia-lola\/\">Bateau Cap Camarat 6.5 CC &#8211; Tia Lola<\/a>\n                    <\/h2>\n                <\/div>\n                                <div class=\"ap-info-inner  ap-info-bottom\">\n                    <div class=\"ap-specification uk-grid-column-small uk-grid-row-collapse ap-specification-style5 uk-child-width-1-2 uk-grid\" data-uk-grid>\n                <div class=\"ap-spec-item\">\n                <span class=\"ap-field-label\">\n                    Longueur:                 <\/span>\n\n                <span class=\"ap-spec-value\">\n                    7 m.                <\/span>\n            <\/div>\n                        <div class=\"ap-spec-item\">\n                <span class=\"ap-field-label\">\n                    Faisceau:                 <\/span>\n\n                <span class=\"ap-spec-value\">\n                    2,50 m.                <\/span>\n            <\/div>\n                        <div class=\"ap-spec-item\">\n                <span class=\"ap-field-label\">\n                    Passagers:                 <\/span>\n\n                <span class=\"ap-spec-value\">\n                    7+1                <\/span>\n            <\/div>\n            <\/div>\n                <\/div>\n                <div class=\"ap-info-inner  ap-info-bottom uk-flex uk-flex-between uk-flex-middle\">\n                        <div class=\"ap-price-box\">\n        <span class=\"ap-field-label\">Prix de location<\/span>\n        <span class=\"ap-price ap-price-rental uk-display-inline-block\">375&nbsp;\u20ac<\/span>    <\/div>\n                    <div class=\"ap-readmore-box\">\n                        <a href=\"https:\/\/www.lanchasibiza.com\/fr\/bateaux-sans-skipper\/cap-camarat-6-5-cc-tia-lola\/\" class=\"templaza-btn\">Voir plus<\/a>\n                    <\/div>\n                <\/div>\n            <\/div>\n        <\/div>\n    <\/div>\n    <div class=\"ap-item ap-item-style5 templazaFadeInUp\">\n        <div class=\"ap-inner\">\n            <div class=\"uk-inline uk-position-relative uk-width-1-1\">\n                                <div class=\"uk-card-media-top uk-position-relative uk-width-1-1 uk-transition-toggle \">\n    <a class=\"tz-img uk-display-block\" href=\"https:\/\/www.lanchasibiza.com\/fr\/bateaux-sans-skipper\/cap-camarat-75-happy-day\/\">\n        <img decoding=\"async\" width=\"750\" height=\"540\" src=\"https:\/\/www.lanchasibiza.com\/wp-content\/uploads\/2025\/03\/boat-rental-ibiza-jeanneau-cap-camarat-7-5-happy-day-01-750x540.webp\" class=\"attachment-amanus-750-540 size-amanus-750-540 wp-post-image\" alt=\"\" title=\"\">            <\/a>\n    <\/div>            <\/div>\n            <div class=\"ap-info\">\n                <div class=\"ap-info-inner ap-info-top\">\n                    <h2 class=\"ap-title\">\n                        <a href=\"https:\/\/www.lanchasibiza.com\/fr\/bateaux-sans-skipper\/cap-camarat-75-happy-day\/\">Bateau Cap Camarat 7,5 &#8211; Happy Day<\/a>\n                    <\/h2>\n                <\/div>\n                                <div class=\"ap-info-inner  ap-info-bottom\">\n                    <div class=\"ap-specification uk-grid-column-small uk-grid-row-collapse ap-specification-style5 uk-child-width-1-2 uk-grid\" data-uk-grid>\n                <div class=\"ap-spec-item\">\n                <span class=\"ap-field-label\">\n                    Longueur:                 <\/span>\n\n                <span class=\"ap-spec-value\">\n                    8 m.                <\/span>\n            <\/div>\n                        <div class=\"ap-spec-item\">\n                <span class=\"ap-field-label\">\n                    Faisceau:                 <\/span>\n\n                <span class=\"ap-spec-value\">\n                    2,60 m.                <\/span>\n            <\/div>\n                        <div class=\"ap-spec-item\">\n                <span class=\"ap-field-label\">\n                    Passagers:                 <\/span>\n\n                <span class=\"ap-spec-value\">\n                    7+1                <\/span>\n            <\/div>\n            <\/div>\n                <\/div>\n                <div class=\"ap-info-inner  ap-info-bottom uk-flex uk-flex-between uk-flex-middle\">\n                        <div class=\"ap-price-box\">\n        <span class=\"ap-field-label\">Prix de location<\/span>\n        <span class=\"ap-price ap-price-rental uk-display-inline-block\">500&nbsp;\u20ac<\/span>    <\/div>\n                    <div class=\"ap-readmore-box\">\n                        <a href=\"https:\/\/www.lanchasibiza.com\/fr\/bateaux-sans-skipper\/cap-camarat-75-happy-day\/\" class=\"templaza-btn\">Voir plus<\/a>\n                    <\/div>\n                <\/div>\n            <\/div>\n        <\/div>\n    <\/div>\n    <div class=\"ap-item ap-item-style5 templazaFadeInUp\">\n        <div class=\"ap-inner\">\n            <div class=\"uk-inline uk-position-relative uk-width-1-1\">\n                                <div class=\"uk-card-media-top uk-position-relative uk-width-1-1 uk-transition-toggle \">\n    <a class=\"tz-img uk-display-block\" href=\"https:\/\/www.lanchasibiza.com\/fr\/bateaux-sans-skipper\/cap-camarat-5-5-wa-renegada\/\">\n        <img decoding=\"async\" width=\"750\" height=\"540\" src=\"https:\/\/www.lanchasibiza.com\/wp-content\/uploads\/2025\/03\/boat-rental-ibiza-cap-camarat-5-5-renegada-01-750x540.webp\" class=\"attachment-amanus-750-540 size-amanus-750-540 wp-post-image\" alt=\"\" title=\"\">            <\/a>\n    <\/div>            <\/div>\n            <div class=\"ap-info\">\n                <div class=\"ap-info-inner ap-info-top\">\n                    <h2 class=\"ap-title\">\n                        <a href=\"https:\/\/www.lanchasibiza.com\/fr\/bateaux-sans-skipper\/cap-camarat-5-5-wa-renegada\/\">Bateau Cap Camarat 5.5 WA &#8211; Renegada<\/a>\n                    <\/h2>\n                <\/div>\n                                <div class=\"ap-info-inner  ap-info-bottom\">\n                    <div class=\"ap-specification uk-grid-column-small uk-grid-row-collapse ap-specification-style5 uk-child-width-1-2 uk-grid\" data-uk-grid>\n                <div class=\"ap-spec-item\">\n                <span class=\"ap-field-label\">\n                    Longueur:                 <\/span>\n\n                <span class=\"ap-spec-value\">\n                    5,5 m.                <\/span>\n            <\/div>\n                        <div class=\"ap-spec-item\">\n                <span class=\"ap-field-label\">\n                    Faisceau:                 <\/span>\n\n                <span class=\"ap-spec-value\">\n                    2,40 m.                <\/span>\n            <\/div>\n                        <div class=\"ap-spec-item\">\n                <span class=\"ap-field-label\">\n                    Passagers:                 <\/span>\n\n                <span class=\"ap-spec-value\">\n                    5+1                <\/span>\n            <\/div>\n            <\/div>\n                <\/div>\n                <div class=\"ap-info-inner  ap-info-bottom uk-flex uk-flex-between uk-flex-middle\">\n                        <div class=\"ap-price-box\">\n        <span class=\"ap-field-label\">Prix de location<\/span>\n        <span class=\"ap-price ap-price-rental uk-display-inline-block\">365&nbsp;\u20ac<\/span>    <\/div>\n                    <div class=\"ap-readmore-box\">\n                        <a href=\"https:\/\/www.lanchasibiza.com\/fr\/bateaux-sans-skipper\/cap-camarat-5-5-wa-renegada\/\" class=\"templaza-btn\">Voir plus<\/a>\n                    <\/div>\n                <\/div>\n            <\/div>\n        <\/div>\n    <\/div>\n    <div class=\"ap-item ap-item-style5 templazaFadeInUp\">\n        <div class=\"ap-inner\">\n            <div class=\"uk-inline uk-position-relative uk-width-1-1\">\n                                <div class=\"uk-card-media-top uk-position-relative uk-width-1-1 uk-transition-toggle \">\n    <a class=\"tz-img uk-display-block\" href=\"https:\/\/www.lanchasibiza.com\/fr\/bateaux-sans-skipper\/cap-camarat-65-canyamela\/\">\n        <img loading=\"lazy\" decoding=\"async\" width=\"750\" height=\"540\" src=\"https:\/\/www.lanchasibiza.com\/wp-content\/uploads\/2025\/03\/alquiler-lanchas-ibiza-cap-camarat-65-wa-canyamela-01-750x540.webp\" class=\"attachment-amanus-750-540 size-amanus-750-540 wp-post-image\" alt=\"Bateau CAP Camarat 65 - Canyamela\" title=\"\">            <\/a>\n    <\/div>            <\/div>\n            <div class=\"ap-info\">\n                <div class=\"ap-info-inner ap-info-top\">\n                    <h2 class=\"ap-title\">\n                        <a href=\"https:\/\/www.lanchasibiza.com\/fr\/bateaux-sans-skipper\/cap-camarat-65-canyamela\/\">Bateau CAP Camarat 6.5 &#8211; Canyamela<\/a>\n                    <\/h2>\n                <\/div>\n                                <div class=\"ap-info-inner  ap-info-bottom\">\n                    <div class=\"ap-specification uk-grid-column-small uk-grid-row-collapse ap-specification-style5 uk-child-width-1-2 uk-grid\" data-uk-grid>\n                <div class=\"ap-spec-item\">\n                <span class=\"ap-field-label\">\n                    Longueur:                 <\/span>\n\n                <span class=\"ap-spec-value\">\n                    7 m.                <\/span>\n            <\/div>\n                        <div class=\"ap-spec-item\">\n                <span class=\"ap-field-label\">\n                    Faisceau:                 <\/span>\n\n                <span class=\"ap-spec-value\">\n                    2,6 m.                <\/span>\n            <\/div>\n                        <div class=\"ap-spec-item\">\n                <span class=\"ap-field-label\">\n                    Passagers:                 <\/span>\n\n                <span class=\"ap-spec-value\">\n                    6+1                <\/span>\n            <\/div>\n            <\/div>\n                <\/div>\n                <div class=\"ap-info-inner  ap-info-bottom uk-flex uk-flex-between uk-flex-middle\">\n                        <div class=\"ap-price-box\">\n        <span class=\"ap-field-label\">Prix de location<\/span>\n        <span class=\"ap-price ap-price-rental uk-display-inline-block\">400&nbsp;\u20ac<\/span>    <\/div>\n                    <div class=\"ap-readmore-box\">\n                        <a href=\"https:\/\/www.lanchasibiza.com\/fr\/bateaux-sans-skipper\/cap-camarat-65-canyamela\/\" class=\"templaza-btn\">Voir plus<\/a>\n                    <\/div>\n                <\/div>\n            <\/div>\n        <\/div>\n    <\/div>\n    <\/div>\n    <\/div>\n<\/div>\t\t\t\t<\/div>\n\t\t\t\t<\/div>\n\t\t\t\t\t<\/div>\n\t\t\t\t<\/div>\n\t\t<div class=\"elementor-element elementor-element-f9db30b e-flex e-con-boxed e-con e-parent\" data-id=\"f9db30b\" data-element_type=\"container\" data-e-type=\"container\">\n\t\t\t\t\t<div class=\"e-con-inner\">\n\t\t\t\t<div class=\"elementor-element elementor-element-a0cc183 elementor-tablet-align-center elementor-widget elementor-widget-button\" data-id=\"a0cc183\" data-element_type=\"widget\" data-e-type=\"widget\" data-widget_type=\"button.default\">\n\t\t\t\t\t\t\t\t\t\t<a class=\"elementor-button elementor-button-link elementor-size-sm\" href=\"https:\/\/www.lanchasibiza.com\/fr\/bateaux-sans-skipper\/\">\n\t\t\t\t\t\t<span class=\"elementor-button-content-wrapper\">\n\t\t\t\t\t\t\t\t\t<span class=\"elementor-button-text\">Louer un bateau \u00e0 moteur<\/span>\n\t\t\t\t\t<\/span>\n\t\t\t\t\t<\/a>\n\t\t\t\t\t\t\t\t<\/div>\n\t\t\t\t\t<\/div>\n\t\t\t\t<\/div>\n\t\t<div class=\"elementor-element elementor-element-0d35c1c e-con-full e-flex e-con e-parent\" data-id=\"0d35c1c\" data-element_type=\"container\" data-e-type=\"container\">\n\t\t\t\t<div class=\"elementor-element elementor-element-c1c923a elementor-widget elementor-widget-shortcode\" data-id=\"c1c923a\" data-element_type=\"widget\" data-e-type=\"widget\" data-widget_type=\"shortcode.default\">\n\t\t\t\t\t\t\t<div class=\"elementor-shortcode\">\t\t<div data-elementor-type=\"container\" data-elementor-id=\"30356\" class=\"elementor elementor-30356 elementor-30349 elementor-30349\" data-elementor-post-type=\"elementor_library\">\n\t\t\t\t<div class=\"elementor-element elementor-element-6fc36ae2 e-flex e-con-boxed e-con e-parent\" data-id=\"6fc36ae2\" data-element_type=\"container\" data-e-type=\"container\" data-settings=\"{&quot;background_background&quot;:&quot;classic&quot;}\">\n\t\t\t\t\t<div class=\"e-con-inner\">\n\t\t<div class=\"elementor-element elementor-element-31b09206 e-con-full e-flex e-con e-child\" data-id=\"31b09206\" data-element_type=\"container\" data-e-type=\"container\">\n\t\t\t\t<div class=\"elementor-element elementor-element-2a61cd55 elementor-invisible elementor-widget elementor-widget-global elementor-global-30361 elementor-global-30346 elementor-global-30346 elementor-widget-text-editor\" data-id=\"2a61cd55\" data-element_type=\"widget\" data-e-type=\"widget\" data-settings=\"{&quot;_animation&quot;:&quot;fadeIn&quot;}\" data-widget_type=\"text-editor.default\">\n\t\t\t\t\t\t\t\t\t<p>Demander des informations sans obligation<\/p>\t\t\t\t\t\t\t\t<\/div>\n\t\t\t\t<div class=\"elementor-element elementor-element-21608442 elementor-invisible elementor-widget elementor-widget-global elementor-global-30314 elementor-global-30286 elementor-global-30286 elementor-widget-heading\" data-id=\"21608442\" data-element_type=\"widget\" data-e-type=\"widget\" data-settings=\"{&quot;_animation&quot;:&quot;fadeInDown&quot;}\" data-widget_type=\"heading.default\">\n\t\t\t\t\t<h2 class=\"elementor-heading-title elementor-size-default\">Contact<\/h2>\t\t\t\t<\/div>\n\t\t\t\t<div class=\"elementor-element elementor-element-6bbfc819 elementor-widget elementor-widget-spacer\" data-id=\"6bbfc819\" data-element_type=\"widget\" data-e-type=\"widget\" data-widget_type=\"spacer.default\">\n\t\t\t\t\t\t\t<div class=\"elementor-spacer\">\n\t\t\t<div class=\"elementor-spacer-inner\"><\/div>\n\t\t<\/div>\n\t\t\t\t\t\t<\/div>\n\t\t\t\t<div class=\"elementor-element elementor-element-55593cbf elementor-widget elementor-widget-global elementor-global-30318 elementor-global-30289 elementor-global-30289 elementor-widget-wpforms\" data-id=\"55593cbf\" data-element_type=\"widget\" data-e-type=\"widget\" data-settings=\"{&quot;_animation&quot;:&quot;none&quot;}\" data-widget_type=\"wpforms.default\">\n\t\t\t\t<div class=\"elementor-widget-container\">\n\t\t\t\t\t<div class=\"wpforms-container wpforms-container-full wpforms-render-modern\" id=\"wpforms-20428\"><form id=\"wpforms-form-20428\" class=\"wpforms-validate wpforms-form wpforms-ajax-form\" data-formid=\"20428\" method=\"post\" enctype=\"multipart\/form-data\" action=\"\/fr\/wp-json\/wp\/v2\/pages\/23417\" data-token=\"740bb99c237dd564dfeb03b7abb91978\" data-token-time=\"1776352726\"><noscript class=\"wpforms-error-noscript\">Veuillez activer JavaScript dans votre navigateur pour remplir ce formulaire.<\/noscript><div id=\"wpforms-error-noscript\" style=\"display: none;\">Veuillez activer JavaScript dans votre navigateur pour remplir ce formulaire.<\/div><div class=\"wpforms-field-container\">\t\t<div id=\"wpforms-20428-field_2-container\"\n\t\t\tclass=\"wpforms-field wpforms-field-text\"\n\t\t\tdata-field-type=\"text\"\n\t\t\tdata-field-id=\"2\"\n\t\t\t>\n\t\t\t<label class=\"wpforms-field-label\" for=\"wpforms-20428-field_2\" >Politique de Design<\/label>\n\t\t\t<input type=\"text\" id=\"wpforms-20428-field_2\" class=\"wpforms-field-medium\" name=\"wpforms[fields][2]\" >\n\t\t<\/div>\n\t\t<div id=\"wpforms-20428-field_12-container\" class=\"wpforms-field wpforms-field-layout\" data-field-id=\"12\"><div class=\"wpforms-field-layout-rows wpforms-field-large\"><div class=\"wpforms-layout-row\"><div class=\"wpforms-layout-column wpforms-layout-column-50\"><div id=\"wpforms-20428-field_1-container\" class=\"wpforms-field wpforms-field-name\" data-field-id=\"1\"><label class=\"wpforms-field-label wpforms-label-hide\" for=\"wpforms-20428-field_1\" aria-hidden=\"false\">Nom <span class=\"wpforms-required-label\" aria-hidden=\"true\">*<\/span><\/label><input type=\"text\" id=\"wpforms-20428-field_1\" class=\"wpforms-field-large wpforms-field-required\" name=\"wpforms[fields][1]\" placeholder=\"Votre nom\" aria-errormessage=\"wpforms-20428-field_1-error\" required><\/div><\/div><div class=\"wpforms-layout-column wpforms-layout-column-50\"><div id=\"wpforms-20428-field_8-container\" class=\"wpforms-field wpforms-field-text\" data-field-id=\"8\"><label class=\"wpforms-field-label wpforms-label-hide\" for=\"wpforms-20428-field_8\" aria-hidden=\"false\">Nom de famille <span class=\"wpforms-required-label\" aria-hidden=\"true\">*<\/span><\/label><input type=\"text\" id=\"wpforms-20428-field_8\" class=\"wpforms-field-large wpforms-field-required\" name=\"wpforms[fields][8]\" placeholder=\"Votre nom de famille\" aria-errormessage=\"wpforms-20428-field_8-error\" required><\/div><\/div><\/div><div class=\"wpforms-layout-row\"><div class=\"wpforms-layout-column wpforms-layout-column-50\"><div id=\"wpforms-20428-field_4-container\" class=\"wpforms-field wpforms-field-email\" data-field-id=\"4\"><label class=\"wpforms-field-label wpforms-label-hide\" for=\"wpforms-20428-field_4\" aria-hidden=\"false\">Courriel <span class=\"wpforms-required-label\" aria-hidden=\"true\">*<\/span><\/label><input type=\"email\" id=\"wpforms-20428-field_4\" class=\"wpforms-field-large wpforms-field-required\" name=\"wpforms[fields][4]\" placeholder=\"Courriel\" spellcheck=\"false\" aria-errormessage=\"wpforms-20428-field_4-error\" required><\/div><\/div><div class=\"wpforms-layout-column wpforms-layout-column-50\"><div id=\"wpforms-20428-field_11-container\" class=\"wpforms-field wpforms-field-phone\" data-field-id=\"11\"><label class=\"wpforms-field-label wpforms-label-hide\" for=\"wpforms-20428-field_11\" aria-hidden=\"false\">T\u00e9l\u00e9phone <span class=\"wpforms-required-label\" aria-hidden=\"true\">*<\/span><\/label><input type=\"tel\" id=\"wpforms-20428-field_11\" class=\"wpforms-field-large wpforms-field-required wpforms-smart-phone-field\" data-rule-smart-phone-field=\"true\" name=\"wpforms[fields][11]\" placeholder=\"T\u00e9l\u00e9phone\" aria-label=\"T\u00e9l\u00e9phone\" aria-errormessage=\"wpforms-20428-field_11-error\" required><\/div><\/div><\/div><\/div><\/div><div id=\"wpforms-20428-field_5-container\" class=\"wpforms-field wpforms-field-textarea\" data-field-id=\"5\"><label class=\"wpforms-field-label wpforms-label-hide\" for=\"wpforms-20428-field_5\" aria-hidden=\"false\">Message<\/label><textarea id=\"wpforms-20428-field_5\" class=\"wpforms-field-medium\" name=\"wpforms[fields][5]\" placeholder=\"Message\" aria-errormessage=\"wpforms-20428-field_5-error\" ><\/textarea><\/div><div id=\"wpforms-20428-field_13-container\" class=\"wpforms-field wpforms-field-gdpr-checkbox\" data-field-id=\"13\"><label class=\"wpforms-field-label\">Politique de confidentialit\u00e9 GDPR <span class=\"wpforms-required-label\" aria-hidden=\"true\">*<\/span><\/label><ul id=\"wpforms-20428-field_13\" class=\"wpforms-field-required\"><li class=\"choice-1\"><input type=\"checkbox\" id=\"wpforms-20428-field_13_1\" name=\"wpforms[fields][13][]\" value=\"Je consens \u00e0 ce que ce site web stocke les informations que j&#039;ai soumises afin de pouvoir r\u00e9pondre \u00e0 ma demande.\" aria-errormessage=\"wpforms-20428-field_13_1-error\" required ><label class=\"wpforms-field-label-inline\" for=\"wpforms-20428-field_13_1\">Je consens \u00e0 ce que ce site web stocke les informations que j'ai soumises afin de pouvoir r\u00e9pondre \u00e0 ma demande.<\/label><\/li><\/ul><\/div><script>\n\t\t\t\t( function() {\n\t\t\t\t\tconst style = document.createElement( 'style' );\n\t\t\t\t\tstyle.appendChild( document.createTextNode( '#wpforms-20428-field_2-container { position: absolute !important; overflow: hidden !important; display: inline !important; height: 1px !important; width: 1px !important; z-index: -1000 !important; padding: 0 !important; } #wpforms-20428-field_2-container input { visibility: hidden; } #wpforms-conversational-form-page #wpforms-20428-field_2-container label { counter-increment: none; }' ) );\n\t\t\t\t\tdocument.head.appendChild( style );\n\t\t\t\t\tdocument.currentScript?.remove();\n\t\t\t\t} )();\n\t\t\t<\/script><\/div><!-- .wpforms-field-container --><div class=\"wpforms-recaptcha-container wpforms-is-recaptcha wpforms-is-recaptcha-type-v3\" ><input type=\"hidden\" name=\"wpforms[recaptcha]\" value=\"\"><\/div><div class=\"wpforms-submit-container\" ><input type=\"hidden\" name=\"wpforms[id]\" value=\"20428\"><input type=\"hidden\" name=\"page_title\" value=\"\"><input type=\"hidden\" name=\"page_url\" value=\"https:\/\/www.lanchasibiza.com\/fr\/wp-json\/wp\/v2\/pages\/23417\"><input type=\"hidden\" name=\"url_referer\" value=\"\"><button type=\"submit\" name=\"wpforms[submit]\" id=\"wpforms-submit-20428\" class=\"wpforms-submit\" data-alt-text=\"Envoi...\" data-submit-text=\"Envoyer\" aria-live=\"assertive\" value=\"wpforms-submit\">Envoyer<\/button><img loading=\"lazy\" decoding=\"async\" src=\"https:\/\/www.lanchasibiza.com\/wp-content\/plugins\/wpforms\/assets\/images\/submit-spin.svg\" class=\"wpforms-submit-spinner\" style=\"display: none;\" width=\"26\" height=\"26\" alt=\"Chargement en cours\" title=\"\"><\/div><\/form><\/div>  <!-- .wpforms-container -->\t\t\t\t<\/div>\n\t\t\t\t<\/div>\n\t\t\t\t<\/div>\n\t\t\t\t\t<\/div>\n\t\t\t\t<\/div>\n\t\t\t\t<\/div>\n\t\t<\/div>\n\t\t\t\t\t\t<\/div>\n\t\t\t\t<\/div>\n\t\t<div class=\"elementor-element elementor-element-71d50116 e-flex e-con-boxed e-con e-parent\" data-id=\"71d50116\" data-element_type=\"container\" data-e-type=\"container\" data-settings=\"{&quot;animation&quot;:&quot;none&quot;}\">\n\t\t\t\t\t<div class=\"e-con-inner\">\n\t\t\t\t<div class=\"elementor-element elementor-element-798e3410 elementor-widget elementor-widget-shortcode\" data-id=\"798e3410\" data-element_type=\"widget\" data-e-type=\"widget\" data-widget_type=\"shortcode.default\">\n\t\t\t\t\t\t\t<div class=\"elementor-shortcode\"><div data-src=\"https:\/\/cdn.trustindex.io\/loader.js?bfa136139d24168854861143448\"><\/div><\/div>\n\t\t\t\t\t\t<\/div>\n\t\t\t\t\t<\/div>\n\t\t\t\t<\/div>\n\t\t\t\t<\/div>\n\t\t","protected":false},"excerpt":{"rendered":"<p>Lancha Cap Camarat 6.5 CC &#8211; Tia Lola Eslora: 7 m. Manga: 2,50 m. Pasajeros: 7+1 Precio alquiler 375&nbsp;\u20ac Ver m\u00e1s Lancha Cap Camarat 7,5 &#8211; Happy Day Eslora: 8 m. Manga: 2,60 m. Pasajeros: 7+1 Precio alquiler 500&nbsp;\u20ac Ver m\u00e1s Lancha Cap Camarat 5.5 WA &#8211; Renegada Eslora: 5,5 m. Manga: 2,40 m. Pasajeros:&hellip; <a class=\"more-link\" href=\"https:\/\/www.lanchasibiza.com\/fr\/bateaux-sans-skipper\/cap-camarat-65-canyamela\/\">Lire la suite de <span class=\"screen-reader-text\">Bateau CAP Camarat 6.5 &#8211; Canyamela<\/span><\/a><\/p>\n","protected":false},"author":1,"featured_media":21931,"parent":23347,"menu_order":0,"comment_status":"closed","ping_status":"closed","template":"","meta":{"_joinchat":[],"footnotes":""},"class_list":["post-23417","page","type-page","status-publish","has-post-thumbnail","hentry"],"_links":{"self":[{"href":"https:\/\/www.lanchasibiza.com\/fr\/wp-json\/wp\/v2\/pages\/23417","targetHints":{"allow":["GET"]}}],"collection":[{"href":"https:\/\/www.lanchasibiza.com\/fr\/wp-json\/wp\/v2\/pages"}],"about":[{"href":"https:\/\/www.lanchasibiza.com\/fr\/wp-json\/wp\/v2\/types\/page"}],"author":[{"embeddable":true,"href":"https:\/\/www.lanchasibiza.com\/fr\/wp-json\/wp\/v2\/users\/1"}],"replies":[{"embeddable":true,"href":"https:\/\/www.lanchasibiza.com\/fr\/wp-json\/wp\/v2\/comments?post=23417"}],"version-history":[{"count":2,"href":"https:\/\/www.lanchasibiza.com\/fr\/wp-json\/wp\/v2\/pages\/23417\/revisions"}],"predecessor-version":[{"id":32606,"href":"https:\/\/www.lanchasibiza.com\/fr\/wp-json\/wp\/v2\/pages\/23417\/revisions\/32606"}],"up":[{"embeddable":true,"href":"https:\/\/www.lanchasibiza.com\/fr\/wp-json\/wp\/v2\/pages\/23347"}],"wp:featuredmedia":[{"embeddable":true,"href":"https:\/\/www.lanchasibiza.com\/fr\/wp-json\/wp\/v2\/media\/21931"}],"wp:attachment":[{"href":"https:\/\/www.lanchasibiza.com\/fr\/wp-json\/wp\/v2\/media?parent=23417"}],"curies":[{"name":"wp","href":"https:\/\/api.w.org\/{rel}","templated":true}]}}